{"id":173,"date":"2018-06-26T10:56:48","date_gmt":"2018-06-26T08:56:48","guid":{"rendered":"https:\/\/dev.streetberlin.net\/?page_id=173"},"modified":"2020-02-10T09:49:16","modified_gmt":"2020-02-10T08:49:16","slug":"impressum","status":"publish","type":"page","link":"https:\/\/streetberlin.net\/de\/impressum\/","title":{"rendered":"Impressum"},"content":{"rendered":"\n<h1 class=\"wp-block-heading\">Impressum<\/h1>\n\n\n\n<p>Angaben gem\u00e4\u00df \u00a7 5 TMG:<br>Martin U Waltz<br>Mohrenstrasse 8<br>D-10117 Berlin<\/p>\n\n\n\n<p><strong>Kontakt<br><\/strong>Telefon: +4916094673586<br>E-Mail: hello(at)streetberlin.net<br>Verantwortlich f\u00fcr den Inhalt nach \u00a7 55 Abs. 2 RStV:<br>Martin U Waltz<\/p>\n\n\n\n<p><strong>Streitschlichtung<br><\/strong>Die Europ\u00e4ische Kommission stellt eine Plattform zur Online-Streitbeilegung (OS) bereit: <a rel=\"noopener noreferrer\" href=\"https:\/\/ec.europa.eu\/consumers\/odr\" target=\"_blank\">https:\/\/ec.europa.eu\/consumers\/odr<\/a>.<br>Unsere E-Mail-Adresse finden Sie oben im Impressum.<\/p>\n\n\n\n<p>Wir sind nicht bereit oder verpflichtet, an Streitbeilegungsverfahren vor einer Verbraucherschlichtungsstelle teilzunehmen.<\/p>\n\n\n\n<p>Quelle: https:\/\/www.e-recht24.de<\/p>\n\n\n\n<p><strong>Haftungsausschluss (Disclaimer)<\/strong><\/p>\n\n\n\n<p><strong>Haftung f\u00fcr Inhalte<br><\/strong>Als Diensteanbieter sind wir gem\u00e4\u00df \u00a7 7 Abs.1 TMG f\u00fcr eigene Inhalte auf diesen Seiten nach den allgemeinen Gesetzen verantwortlich. Nach \u00a7\u00a7 8 bis 10 TMG sind wir als Diensteanbieter jedoch nicht verpflichtet, \u00fcbermittelte oder gespeicherte fremde Informationen zu \u00fcberwachen oder nach Umst\u00e4nden zu forschen, die auf eine rechtswidrige T\u00e4tigkeit hinweisen. Verpflichtungen zur Entfernung oder Sperrung der Nutzung von Informationen nach den allgemeinen Gesetzen bleiben hiervon unber\u00fchrt. Eine diesbez\u00fcgliche Haftung ist jedoch erst ab dem Zeitpunkt der Kenntnis einer konkreten Rechtsverletzung m\u00f6glich. Bei Bekanntwerden von entsprechenden Rechtsverletzungen werden wir diese Inhalte umgehend entfernen.<\/p>\n\n\n\n<p><strong>Haftung f\u00fcr Links<br><\/strong>Unser Angebot enth\u00e4lt Links zu externen Webseiten Dritter, auf deren Inhalte wir keinen Einfluss haben. Deshalb k\u00f6nnen wir f\u00fcr diese fremden Inhalte auch keine Gew\u00e4hr \u00fcbernehmen. F\u00fcr die Inhalte der verlinkten Seiten ist stets der jeweilige Anbieter oder Betreiber der Seiten verantwortlich. Die verlinkten Seiten wurden zum Zeitpunkt der Verlinkung auf m\u00f6gliche Rechtsverst\u00f6\u00dfe \u00fcberpr\u00fcft. Rechtswidrige Inhalte waren zum Zeitpunkt der Verlinkung nicht erkennbar. Eine permanente inhaltliche Kontrolle der verlinkten Seiten ist jedoch ohne konkrete Anhaltspunkte einer Rechtsverletzung nicht zumutbar. Bei Bekanntwerden von Rechtsverletzungen werden wir derartige Links umgehend entfernen.<\/p>\n\n\n\n<p><strong>Urheberrechtshinweis<br><\/strong>Alle Inhalte dieser Webseite insbesondere Texte und Fotografien sind urheberrechtlich gesch\u00fctzt. Das Urheberrecht liegt, soweit nicht ausdr\u00fccklich anders gekennzeichnet, bei Martin U Waltz. Bitte fragen Sie mich, falls Sie die Inhalte dieses Internetangebotes verwenden m\u00f6chten.<\/p>\n\n\n\n<p>Wer gegen das Urheberrecht verst\u00f6\u00dft (z.B. Bilder oder Texte unerlaubt kopiert), macht sich gem. \u00a7\u00a7 106 ff UrhG strafbar, wird zudem kostenpflichtig abgemahnt und muss Schadensersatz leisten (\u00a7 97 UrhG).<\/p>\n","protected":false},"excerpt":{"rendered":"<p> &#8230; <a title=\"Impressum\" class=\"read-more\" href=\"https:\/\/streetberlin.net\/de\/impressum\/\" aria-label=\"Mehr Informationen \u00fcber Impressum\">Weiter lesen<\/a><\/p>\n","protected":false},"author":2,"featured_media":0,"parent":0,"menu_order":0,"comment_status":"closed","ping_status":"closed","template":"","meta":{"_acf_changed":false,"generate_page_header":"","footnotes":""},"class_list":{"0":"post-173","1":"page","2":"type-page","3":"status-publish","5":"infinite-scroll-item","6":"no-featured-image-padding"},"acf":[],"yoast_head":"<!-- This site is optimized with the Yoast SEO plugin v27.4 - https:\/\/yoast.com\/product\/yoast-seo-wordpress\/ -->\n<title>Impressum &#8226; Martin U Waltz<\/title>\n<meta name=\"description\" content=\"Impressum Webseite Martin U Waltz\" \/>\n<meta name=\"robots\" content=\"index, follow, max-snippet:-1, max-image-preview:large, max-video-preview:-1\" \/>\n<link rel=\"canonical\" href=\"https:\/\/streetberlin.net\/de\/impressum\/\" \/>\n<meta property=\"og:locale\" content=\"de_DE\" \/>\n<meta property=\"og:type\" content=\"article\" \/>\n<meta property=\"og:title\" content=\"Impressum &#8226; Martin U Waltz\" \/>\n<meta property=\"og:description\" content=\"Impressum Webseite Martin U Waltz\" \/>\n<meta property=\"og:url\" content=\"https:\/\/streetberlin.net\/de\/impressum\/\" \/>\n<meta property=\"og:site_name\" content=\"Martin U Waltz\" \/>\n<meta property=\"article:publisher\" content=\"https:\/\/www.facebook.com\/martinuwaltz\" \/>\n<meta property=\"article:modified_time\" content=\"2020-02-10T08:49:16+00:00\" \/>\n<meta property=\"og:image\" content=\"https:\/\/streetberlin.net\/wp-content\/uploads\/2019\/09\/martin-waltz-street-photography-berlin2.jpg\" \/>\n\t<meta property=\"og:image:width\" content=\"1300\" \/>\n\t<meta property=\"og:image:height\" content=\"867\" \/>\n\t<meta property=\"og:image:type\" content=\"image\/jpeg\" \/>\n<meta name=\"twitter:card\" content=\"summary_large_image\" \/>\n<meta name=\"twitter:site\" content=\"@martinuwaltz\" \/>\n<meta name=\"twitter:label1\" content=\"Gesch\u00e4tzte Lesezeit\" \/>\n\t<meta name=\"twitter:data1\" content=\"2\u00a0Minuten\" \/>\n<script type=\"application\/ld+json\" class=\"yoast-schema-graph\">{\"@context\":\"https:\\\/\\\/schema.org\",\"@graph\":[{\"@type\":\"WebPage\",\"@id\":\"https:\\\/\\\/streetberlin.net\\\/de\\\/impressum\\\/\",\"url\":\"https:\\\/\\\/streetberlin.net\\\/de\\\/impressum\\\/\",\"name\":\"Impressum &#8226; Martin U Waltz\",\"isPartOf\":{\"@id\":\"https:\\\/\\\/streetberlin.net\\\/#website\"},\"datePublished\":\"2018-06-26T08:56:48+00:00\",\"dateModified\":\"2020-02-10T08:49:16+00:00\",\"description\":\"Impressum Webseite Martin U Waltz\",\"breadcrumb\":{\"@id\":\"https:\\\/\\\/streetberlin.net\\\/de\\\/impressum\\\/#breadcrumb\"},\"inLanguage\":\"de\",\"potentialAction\":[{\"@type\":\"ReadAction\",\"target\":[\"https:\\\/\\\/streetberlin.net\\\/de\\\/impressum\\\/\"]}]},{\"@type\":\"BreadcrumbList\",\"@id\":\"https:\\\/\\\/streetberlin.net\\\/de\\\/impressum\\\/#breadcrumb\",\"itemListElement\":[{\"@type\":\"ListItem\",\"position\":1,\"name\":\"Home\",\"item\":\"https:\\\/\\\/streetberlin.net\\\/de\\\/start_en\\\/\"},{\"@type\":\"ListItem\",\"position\":2,\"name\":\"Impressum\"}]},{\"@type\":\"WebSite\",\"@id\":\"https:\\\/\\\/streetberlin.net\\\/#website\",\"url\":\"https:\\\/\\\/streetberlin.net\\\/\",\"name\":\"Martin U Waltz\",\"description\":\"Street Fotografie Berlin\",\"publisher\":{\"@id\":\"https:\\\/\\\/streetberlin.net\\\/#\\\/schema\\\/person\\\/d45a81c744961c5cae7f3ec79174fd23\"},\"potentialAction\":[{\"@type\":\"SearchAction\",\"target\":{\"@type\":\"EntryPoint\",\"urlTemplate\":\"https:\\\/\\\/streetberlin.net\\\/?s={search_term_string}\"},\"query-input\":{\"@type\":\"PropertyValueSpecification\",\"valueRequired\":true,\"valueName\":\"search_term_string\"}}],\"inLanguage\":\"de\"},{\"@type\":[\"Person\",\"Organization\"],\"@id\":\"https:\\\/\\\/streetberlin.net\\\/#\\\/schema\\\/person\\\/d45a81c744961c5cae7f3ec79174fd23\",\"name\":\"Martin U Waltz\",\"image\":{\"@type\":\"ImageObject\",\"inLanguage\":\"de\",\"@id\":\"https:\\\/\\\/streetberlin.net\\\/wp-content\\\/uploads\\\/2019\\\/01\\\/Martin-U-Waltz-2.jpg\",\"url\":\"https:\\\/\\\/streetberlin.net\\\/wp-content\\\/uploads\\\/2019\\\/01\\\/Martin-U-Waltz-2.jpg\",\"contentUrl\":\"https:\\\/\\\/streetberlin.net\\\/wp-content\\\/uploads\\\/2019\\\/01\\\/Martin-U-Waltz-2.jpg\",\"width\":600,\"height\":300,\"caption\":\"Martin U Waltz\"},\"logo\":{\"@id\":\"https:\\\/\\\/streetberlin.net\\\/wp-content\\\/uploads\\\/2019\\\/01\\\/Martin-U-Waltz-2.jpg\"},\"description\":\"Photographer \u2022 Writer \u2022 Educator\",\"sameAs\":[\"https:\\\/\\\/streetberlin.net\\\/\",\"https:\\\/\\\/www.facebook.com\\\/martinuwaltz\",\"https:\\\/\\\/www.instagram.com\\\/martinuwaltz\\\/\",\"https:\\\/\\\/x.com\\\/martinuwaltz\"]}]}<\/script>\n<!-- \/ Yoast SEO plugin. -->","yoast_head_json":{"title":"Impressum &#8226; Martin U Waltz","description":"Impressum Webseite Martin U Waltz","robots":{"index":"index","follow":"follow","max-snippet":"max-snippet:-1","max-image-preview":"max-image-preview:large","max-video-preview":"max-video-preview:-1"},"canonical":"https:\/\/streetberlin.net\/de\/impressum\/","og_locale":"de_DE","og_type":"article","og_title":"Impressum &#8226; Martin U Waltz","og_description":"Impressum Webseite Martin U Waltz","og_url":"https:\/\/streetberlin.net\/de\/impressum\/","og_site_name":"Martin U Waltz","article_publisher":"https:\/\/www.facebook.com\/martinuwaltz","article_modified_time":"2020-02-10T08:49:16+00:00","og_image":[{"width":1300,"height":867,"url":"https:\/\/streetberlin.net\/wp-content\/uploads\/2019\/09\/martin-waltz-street-photography-berlin2.jpg","type":"image\/jpeg"}],"twitter_card":"summary_large_image","twitter_site":"@martinuwaltz","twitter_misc":{"Gesch\u00e4tzte Lesezeit":"2\u00a0Minuten"},"schema":{"@context":"https:\/\/schema.org","@graph":[{"@type":"WebPage","@id":"https:\/\/streetberlin.net\/de\/impressum\/","url":"https:\/\/streetberlin.net\/de\/impressum\/","name":"Impressum &#8226; Martin U Waltz","isPartOf":{"@id":"https:\/\/streetberlin.net\/#website"},"datePublished":"2018-06-26T08:56:48+00:00","dateModified":"2020-02-10T08:49:16+00:00","description":"Impressum Webseite Martin U Waltz","breadcrumb":{"@id":"https:\/\/streetberlin.net\/de\/impressum\/#breadcrumb"},"inLanguage":"de","potentialAction":[{"@type":"ReadAction","target":["https:\/\/streetberlin.net\/de\/impressum\/"]}]},{"@type":"BreadcrumbList","@id":"https:\/\/streetberlin.net\/de\/impressum\/#breadcrumb","itemListElement":[{"@type":"ListItem","position":1,"name":"Home","item":"https:\/\/streetberlin.net\/de\/start_en\/"},{"@type":"ListItem","position":2,"name":"Impressum"}]},{"@type":"WebSite","@id":"https:\/\/streetberlin.net\/#website","url":"https:\/\/streetberlin.net\/","name":"Martin U Waltz","description":"Street Fotografie Berlin","publisher":{"@id":"https:\/\/streetberlin.net\/#\/schema\/person\/d45a81c744961c5cae7f3ec79174fd23"},"potentialAction":[{"@type":"SearchAction","target":{"@type":"EntryPoint","urlTemplate":"https:\/\/streetberlin.net\/?s={search_term_string}"},"query-input":{"@type":"PropertyValueSpecification","valueRequired":true,"valueName":"search_term_string"}}],"inLanguage":"de"},{"@type":["Person","Organization"],"@id":"https:\/\/streetberlin.net\/#\/schema\/person\/d45a81c744961c5cae7f3ec79174fd23","name":"Martin U Waltz","image":{"@type":"ImageObject","inLanguage":"de","@id":"https:\/\/streetberlin.net\/wp-content\/uploads\/2019\/01\/Martin-U-Waltz-2.jpg","url":"https:\/\/streetberlin.net\/wp-content\/uploads\/2019\/01\/Martin-U-Waltz-2.jpg","contentUrl":"https:\/\/streetberlin.net\/wp-content\/uploads\/2019\/01\/Martin-U-Waltz-2.jpg","width":600,"height":300,"caption":"Martin U Waltz"},"logo":{"@id":"https:\/\/streetberlin.net\/wp-content\/uploads\/2019\/01\/Martin-U-Waltz-2.jpg"},"description":"Photographer \u2022 Writer \u2022 Educator","sameAs":["https:\/\/streetberlin.net\/","https:\/\/www.facebook.com\/martinuwaltz","https:\/\/www.instagram.com\/martinuwaltz\/","https:\/\/x.com\/martinuwaltz"]}]}},"_links":{"self":[{"href":"https:\/\/streetberlin.net\/de\/wp-json\/wp\/v2\/pages\/173","targetHints":{"allow":["GET"]}}],"collection":[{"href":"https:\/\/streetberlin.net\/de\/wp-json\/wp\/v2\/pages"}],"about":[{"href":"https:\/\/streetberlin.net\/de\/wp-json\/wp\/v2\/types\/page"}],"author":[{"embeddable":true,"href":"https:\/\/streetberlin.net\/de\/wp-json\/wp\/v2\/users\/2"}],"replies":[{"embeddable":true,"href":"https:\/\/streetberlin.net\/de\/wp-json\/wp\/v2\/comments?post=173"}],"version-history":[{"count":0,"href":"https:\/\/streetberlin.net\/de\/wp-json\/wp\/v2\/pages\/173\/revisions"}],"wp:attachment":[{"href":"https:\/\/streetberlin.net\/de\/wp-json\/wp\/v2\/media?parent=173"}],"curies":[{"name":"wp","href":"https:\/\/api.w.org\/{rel}","templated":true}]}}